{"id":9,"date":"2014-12-27T18:42:56","date_gmt":"2014-12-27T18:42:56","guid":{"rendered":"http:\/\/web50.server-drome.org\/wordpress\/?page_id=9"},"modified":"2020-02-22T16:14:27","modified_gmt":"2020-02-22T16:14:27","slug":"impressum","status":"publish","type":"page","link":"https:\/\/peter-meerrettich.de\/?page_id=9","title":{"rendered":"Impressum"},"content":{"rendered":"<p><span style=\"font-family: arial, helvetica, sans-serif;\"><strong>Peter Meerrettich GmbH<br \/>\n<\/strong>Hauptstra\u00dfe 15<\/span><br \/>\n<span style=\"font-family: arial, helvetica, sans-serif;\"> 77767 Appenweier &#8211; Urloffen<\/span><br \/>\n<span style=\"font-family: arial, helvetica, sans-serif;\"> Tel.\u00a0 + 49 7805 \/ 812<br \/>\n<\/span><\/p>\n<p><span style=\"font-family: arial, helvetica, sans-serif;\"><strong>Gesch\u00e4ftsf\u00fchrer der Peter Meerrettich GmbH:<\/strong><\/span><br \/>\n<span style=\"font-family: arial, helvetica, sans-serif;\"> Eva Peter<\/span><\/p>\n<p><span style=\"font-family: arial, helvetica, sans-serif;\"><strong>Registergericht:<\/strong><\/span><br \/>\n<span style=\"font-family: arial, helvetica, sans-serif;\"> Amtsgericht 79098 Freiburg<\/span><\/p>\n<p><span style=\"font-family: arial, helvetica, sans-serif;\"><strong>Registernummer:<\/strong><\/span><br \/>\n<span style=\"font-family: arial, helvetica, sans-serif;\"> HRB 708020<\/span><\/p>\n<p><span style=\"font-family: arial, helvetica, sans-serif;\"><strong>Umsatzsteuer-Identifikationsnummer gem. \u00a7 27a UStG:<\/strong><\/span><br \/>\n<span style=\"font-family: arial, helvetica, sans-serif;\"> DE 281 563 500<\/span><\/p>\n<p><span style=\"font-family: arial, helvetica, sans-serif;\"><strong>Inhaltlich Verantwortlicher:<br \/>\n<\/strong>Martin Peter (Anschrift s.o.)<\/span><\/p>\n<hr \/>\n<p><span style=\"font-family: arial, helvetica, sans-serif;\">\u00a0<\/span><\/p>\n<p><span style=\"font-family: arial, helvetica, sans-serif;\"><strong><span style=\"font-size: 10pt;\">Haftungshinweis:<\/span><\/strong><\/span><\/p>\n<p><span style=\"font-family: arial, helvetica, sans-serif; font-size: 10pt;\">F\u00fcr Verweise auf unseren Seiten m\u00f6chten wir ausdr\u00fccklich betonen, dass wir keinerlei Einfluss auf den Linktext, die Gestaltung, evtl. Verletzungen geltender Rechte, auch Marken- und Titelrechte und die Inhalte der gelinkten Seiten haben. Wir distanzieren uns ausdr\u00fccklich von den Linkformulierungen, sowie von allen Inhalten aller Seiten auf die wir Verweise gesetzt haben und machen uns ihre Inhalte nicht zu eigen. Diese Erkl\u00e4rung gilt f\u00fcr alle auf unserer Website angebrachten Links und f\u00fcr alle Inhalte der Seiten, zu denen die bei uns angemeldeten Banner oder Links f\u00fchren.<\/span><\/p>\n<p><span style=\"font-family: arial, helvetica, sans-serif; font-size: 10pt;\">Wir bem\u00fchen uns, m\u00f6glichst genaue und zuverl\u00e4ssige Informationen auf unseren Webseiten zu ver\u00f6ffentlichen.Wir k\u00f6nnen jedoch keinerlei Gew\u00e4hr f\u00fcr die Richtigkeit aller ver\u00f6ffentlichten Informationen leisten. Jegliche Haftung f\u00fcr den Fall von Irrt\u00fcmern oder Auslassungen auf unseren Webseiten wird ausgeschlossen.<\/span><\/p>\n<hr \/>\n<p><span style=\"font-family: arial, helvetica, sans-serif;\">\u00a0<\/span><\/p>\n<p><span style=\"font-family: arial, helvetica, sans-serif;\"><strong><span style=\"font-size: 10pt;\">Disclaimer<\/span><\/strong><\/span><\/p>\n<p><span style=\"font-family: arial, helvetica, sans-serif; font-size: 10pt;\">1. Haftungsbeschr\u00e4nkung<\/span><\/p>\n<p><span style=\"font-family: arial, helvetica, sans-serif; font-size: 10pt;\">Verantwortlich f\u00fcr dieses Informationsangebot ist der Herausgeber. Die Informationen auf dieser Website wurden mit gro\u00dfer Sorgfalt zusammengestellt. F\u00fcr die Richtigkeit und Vollst\u00e4ndigkeit kann gleichwohl keine Gew\u00e4hr \u00fcbernommen werden. Aus diesem Grund ist jegliche Haftung f\u00fcr eventuelle Sch\u00e4den im Zusammenhang mit der Nutzung des Informationsangebots ausgeschlossen. Druch die blo\u00dfe Nutzung dieser Website kommt keinerlei Vertragsverh\u00e4ltnis zwischen Nutzer und Anbieter\/Herausgeber zustande.<\/span><\/p>\n<p><span style=\"font-family: arial, helvetica, sans-serif; font-size: 10pt;\">2. Hinweis zum Urheberrecht<\/span><\/p>\n<p><span style=\"font-family: arial, helvetica, sans-serif; font-size: 10pt;\">Der gesamte Inhalt dieser Website unterliegt dem Urheberrecht. Unerlaubte Verwendung, Reproduktion oder Wiedergabe des Inhalts oder von Teilen des Inhalts ist untersagt. Wegen einer Erlaubnis zur Nutzung des Inhalts wenden Sie sich bitte an den Herausgeber.<\/span><\/p>\n<p><span style=\"font-family: arial, helvetica, sans-serif; font-size: 10pt;\">3. Hinweis zu externen Links<\/span><\/p>\n<p><span style=\"font-family: arial, helvetica, sans-serif; font-size: 10pt;\">Soweit von dieser Website auf andere Websites Links gelegt sind, wird darauf hingewiesen, dass keinerlei Einfluss auf die Gestaltung und die Inhalte der gelinkten Seiten besteht und sich deren Inhalt nicht zu Eigen gemacht wird. Dies gilt f\u00fcr alle auf dieser Seite ausgebrachten externen Links und f\u00fcr alle Inhalte der Seiten, zu denen Werbemittel (z.B. Banner, Textanzeigen, Videoanzeigen) f\u00fchren. F\u00fcr verlinkte Seiten gilt, dass rechtswidrige Inhalte zum Zeitpunkt der Verlinkung nicht erkennbar waren. Die Links werden regelm\u00e4\u00dfig auf rechtswidrige Inhalte \u00fcberpr\u00fcft und bei Rechtsverletzungen unverz\u00fcglich entfernt.<\/span><\/p>\n","protected":false},"excerpt":{"rendered":"<p>Peter Meerrettich GmbH Hauptstra\u00dfe 15 77767 Appenweier &#8211; Urloffen Tel.\u00a0 + 49 7805 \/ 812 Gesch\u00e4ftsf\u00fchrer der Peter Meerrettich GmbH: Eva Peter Registergericht: Amtsgericht 79098 Freiburg Registernummer: HRB 708020 Umsatzsteuer-Identifikationsnummer gem. \u00a7 27a UStG: DE 281 563 500 Inhaltlich Verantwortlicher: &hellip; <a href=\"https:\/\/peter-meerrettich.de\/?page_id=9\">Weiterlesen <span class=\"meta-nav\">&rarr;<\/span><\/a><\/p>\n","protected":false},"author":1,"featured_media":0,"parent":0,"menu_order":0,"comment_status":"open","ping_status":"open","template":"","meta":{"footnotes":""},"class_list":["post-9","page","type-page","status-publish","hentry"],"_links":{"self":[{"href":"https:\/\/peter-meerrettich.de\/index.php?rest_route=\/wp\/v2\/pages\/9","targetHints":{"allow":["GET"]}}],"collection":[{"href":"https:\/\/peter-meerrettich.de\/index.php?rest_route=\/wp\/v2\/pages"}],"about":[{"href":"https:\/\/peter-meerrettich.de\/index.php?rest_route=\/wp\/v2\/types\/page"}],"author":[{"embeddable":true,"href":"https:\/\/peter-meerrettich.de\/index.php?rest_route=\/wp\/v2\/users\/1"}],"replies":[{"embeddable":true,"href":"https:\/\/peter-meerrettich.de\/index.php?rest_route=%2Fwp%2Fv2%2Fcomments&post=9"}],"version-history":[{"count":3,"href":"https:\/\/peter-meerrettich.de\/index.php?rest_route=\/wp\/v2\/pages\/9\/revisions"}],"predecessor-version":[{"id":142,"href":"https:\/\/peter-meerrettich.de\/index.php?rest_route=\/wp\/v2\/pages\/9\/revisions\/142"}],"wp:attachment":[{"href":"https:\/\/peter-meerrettich.de\/index.php?rest_route=%2Fwp%2Fv2%2Fmedia&parent=9"}],"curies":[{"name":"wp","href":"https:\/\/api.w.org\/{rel}","templated":true}]}}