{"id":8,"date":"2014-12-27T18:42:39","date_gmt":"2014-12-27T18:42:39","guid":{"rendered":"http:\/\/web50.server-drome.org\/wordpress\/?page_id=7"},"modified":"2021-11-04T21:50:28","modified_gmt":"2021-11-04T21:50:28","slug":"rezept","status":"publish","type":"page","link":"https:\/\/peter-meerrettich.de\/?page_id=8","title":{"rendered":"Rezept"},"content":{"rendered":"<p><span style=\"font-family: arial, helvetica, sans-serif; font-size: 18pt;\"><strong>Meerrettich-So\u00dfe nach Urloffener Art<\/strong><\/span><\/p>\n<p><span style=\"font-family: arial, helvetica, sans-serif;\"><strong>Zutaten f\u00fcr 4 Personen:<\/strong><\/span><br \/>\n<span style=\"font-family: arial, helvetica, sans-serif;\"> 150 g geriebener Meerrettich<br \/>\n<\/span><span style=\"font-family: arial, helvetica, sans-serif;\"> 50 g Butter<br \/>\n4 Essl\u00f6ffel Mehl<br \/>\n\u00be Liter Fleischbr\u00fche<br \/>\n1\/8 Liter s\u00fc\u00dfer Rahm<br \/>\nSalz und Zucker nach Geschmack<\/span><\/p>\n<p><span style=\"font-family: arial, helvetica, sans-serif;\"><strong>Zubereitung:<\/strong><\/span><br \/>\n<span style=\"font-family: arial, helvetica, sans-serif;\"> Mit Butter und Mehl bereiten Sie eine helle Mehlschwitze, l\u00f6schen diese mit kaltem Wasser ab und f\u00fcllen mit der Fleischbr\u00fche auf.<\/p>\n<p>Geben Sie den geriebenen Meerrettich dazu und lassen das Ganze leicht aufkochen.<\/p>\n<p>Nun r\u00fchren Sie den Rahm dazu.Nochmals leicht aufkochen lassen und mit Salz und Zucker abschmecken.<\/span><\/p>\n<p><span style=\"font-family: arial, helvetica, sans-serif;\">Die Meerrettichso\u00dfe ist fertig &#8230; Guten Appetit &#8230;<\/span><\/p>\n<p><span style=\"font-family: arial, helvetica, sans-serif;\"><strong>Serviervorschlag:<\/strong><\/span><br \/>\n<span style=\"font-family: arial, helvetica, sans-serif;\"> Servieren Sie die Meerrettichso\u00dfe mit Sauerkraut, Kartoffeln und gekochtem Speck. Sie werden begeistert sein.<\/span><\/p>\n<hr \/>\n<p><span style=\"font-family: arial, helvetica, sans-serif;\">\u00a0<\/span><\/p>\n<p><span style=\"font-family: arial, helvetica, sans-serif;\">Der Kochtip mit Pfiff:<\/span><br \/>\n<span style=\"font-family: arial, helvetica, sans-serif; font-size: 18pt;\"> <strong>Meerrettichs\u00fcppchen mit Lachsstreifen<\/strong><\/span><\/p>\n<p><span style=\"font-family: arial, helvetica, sans-serif;\"><strong>Zutaten f\u00fcr 4 Personen:<\/strong><\/span><br \/>\n<span style=\"font-family: arial, helvetica, sans-serif;\"> 5 Essl\u00f6ffel geriebener Meerrettich<br \/>\n1 Zwiebel<br \/>\n1 Essl\u00f6ffel Butter<br \/>\n200g Doppelrahm- Frischk\u00e4se<br \/>\n1 Messerspitze Cayennepfeffer<br \/>\n<\/span><span style=\"font-family: arial, helvetica, sans-serif;\"> \u00be Liter milde Gem\u00fcsebr\u00fche<br \/>\nwei\u00dfer Pfeffer<br \/>\netwas Zitronensaft<br \/>\n75 g R\u00e4ucherlachs<br \/>\nein Kressebeet oder Kr\u00e4utermischung.<\/span><\/p>\n<p><span style=\"font-family: arial, helvetica, sans-serif;\"><strong>Zubereitung:<br \/>\n<\/strong>Hacken Sie die Zwiebeln fein und d\u00fcnsten diese in der hei\u00dfen Butter weich.<\/p>\n<p>Geben Sie den geriebenen Meerrettich und den Doppelrahm- frischk\u00e4se hinzu.<\/span><\/p>\n<p><span style=\"font-family: arial, helvetica, sans-serif;\">Gie\u00dfen Sie die Gem\u00fcseboullion auf und lassen alles 10 Minuten leicht k\u00f6cheln.<\/span><\/p>\n<p><span style=\"font-family: arial, helvetica, sans-serif;\">R\u00fchren Sie die Meerrettichsuppe nochmals durch und schmecken diese mit Pfeffer, Cayennepfeffer und Zitronensaft ab.<\/span><\/p>\n<p><span style=\"font-family: arial, helvetica, sans-serif;\">Schneiden Sie den Lachs in feine schmale Streifen.<\/span><\/p>\n<p><span style=\"font-family: arial, helvetica, sans-serif;\">Verteilen Sie die Meerrettichsuppe in 4 Suppenteller.<\/span><\/p>\n<p><span style=\"font-family: arial, helvetica, sans-serif;\">Danach garnieren Sie die Suppe mit den Lachsstreifen sowie mit der Kresse oder Kr\u00e4utermischung.<\/span><\/p>\n","protected":false},"excerpt":{"rendered":"<p>Meerrettich-So\u00dfe nach Urloffener Art Zutaten f\u00fcr 4 Personen: 150 g geriebener Meerrettich 50 g Butter 4 Essl\u00f6ffel Mehl \u00be Liter Fleischbr\u00fche 1\/8 Liter s\u00fc\u00dfer Rahm Salz und Zucker nach Geschmack Zubereitung: Mit Butter und Mehl bereiten Sie eine helle Mehlschwitze, &hellip; <a href=\"https:\/\/peter-meerrettich.de\/?page_id=8\">Weiterlesen <span class=\"meta-nav\">&rarr;<\/span><\/a><\/p>\n","protected":false},"author":1,"featured_media":0,"parent":0,"menu_order":0,"comment_status":"open","ping_status":"open","template":"","meta":{"footnotes":""},"class_list":["post-8","page","type-page","status-publish","hentry"],"_links":{"self":[{"href":"https:\/\/peter-meerrettich.de\/index.php?rest_route=\/wp\/v2\/pages\/8","targetHints":{"allow":["GET"]}}],"collection":[{"href":"https:\/\/peter-meerrettich.de\/index.php?rest_route=\/wp\/v2\/pages"}],"about":[{"href":"https:\/\/peter-meerrettich.de\/index.php?rest_route=\/wp\/v2\/types\/page"}],"author":[{"embeddable":true,"href":"https:\/\/peter-meerrettich.de\/index.php?rest_route=\/wp\/v2\/users\/1"}],"replies":[{"embeddable":true,"href":"https:\/\/peter-meerrettich.de\/index.php?rest_route=%2Fwp%2Fv2%2Fcomments&post=8"}],"version-history":[{"count":3,"href":"https:\/\/peter-meerrettich.de\/index.php?rest_route=\/wp\/v2\/pages\/8\/revisions"}],"predecessor-version":[{"id":202,"href":"https:\/\/peter-meerrettich.de\/index.php?rest_route=\/wp\/v2\/pages\/8\/revisions\/202"}],"wp:attachment":[{"href":"https:\/\/peter-meerrettich.de\/index.php?rest_route=%2Fwp%2Fv2%2Fmedia&parent=8"}],"curies":[{"name":"wp","href":"https:\/\/api.w.org\/{rel}","templated":true}]}}